{"id":937,"date":"2023-12-19T10:15:13","date_gmt":"2023-12-19T10:15:13","guid":{"rendered":"https:\/\/www.ephesusnazar.com\/?page_id=937"},"modified":"2023-12-19T11:30:46","modified_gmt":"2023-12-19T11:30:46","slug":"our-sustainable-tourism-policy","status":"publish","type":"page","link":"http:\/\/www.ephesusnazar.com\/en_US\/our-sustainable-tourism-policy\/","title":{"rendered":"Our Sustainable Tourism Policy"},"content":{"rendered":"\n<p>OUR SUSTAINABLE TOURISM POLICY<br \/><br \/>We, as&nbsp; Hotel, take full responsibility and respect human rights through activities such as waste management, natural resource use, informing employees about health, safety and child protection, and promoting equal rights in this long journey we set out to reduce the mpact of our Hotel on our environment. We believe that our work on integrating with our community and taking part in the solution of social problems will contribute to ensuring sustainability in tourism.<\/p>\n\n\n\n<p>We believe that the efficient use of our natural resources and the effective management of these resources are very important in terms of ensuring the sustainability of tourism. We aim to be an exemplary business in the hotel sector in the Aegean region and Turkey, with our practices on the environment.<\/p>\n\n\n\n<p>Our aim is to benefit the communities we serve through high quality service, economic growth, environmental protection, community participation and, of course, employment, by complying with all applicable environmental laws, statutes and regulations. We will set our environmental goals and targets, continuously improve our environmental performance and minimize the impact of our activities on the environment. We will create environmental awareness among our employees, guests, suppliers and the society in general.<br \/><br \/><\/p>\n\n\n\n<p>S\u00dcRD\u00dcR\u00dcLEB\u0130L\u0130R TUR\u0130ZM POL\u0130T\u0130KAMIZ<\/p>\n\n\n\n<p>Biz, Hotel olarak, Otelimizin \u00e7evremiz \u00fczerindeki etkilerini azaltmak amac\u0131yla \u00e7\u0131kt\u0131\u011f\u0131m\u0131z bu uzun yolda, at\u0131k y\u00f6netimi, do\u011fal kaynak kullan\u0131m\u0131, \u00e7al\u0131\u015fanlara sa\u011fl\u0131k, g\u00fcvenlik ve \u00e7ocuk koruma konular\u0131nda bilgilendirme ve e\u015fit haklar\u0131n tan\u0131nmas\u0131 faaliyetleri ile t\u00fcm sorumlulu\u011funu al\u0131yoruz ve insan haklar\u0131na sayg\u0131 g\u00f6steriyoruz. Bulundu\u011fumuz topluluk ile entegre olma ve toplumsal sorunlar\u0131n \u00e7\u00f6z\u00fcm\u00fcnde yer alma konular\u0131nda yapt\u0131\u011f\u0131m\u0131z \u00e7al\u0131\u015fmalar\u0131n, turizmde s\u00fcrd\u00fcr\u00fclebilirli\u011fin sa\u011flanmas\u0131na katk\u0131 sa\u011flayaca\u011f\u0131 inanc\u0131nday\u0131z.<\/p>\n\n\n\n<p>Do\u011fal kaynaklar\u0131m\u0131z\u0131n tasarruflu kullan\u0131m\u0131n\u0131n ve bu kaynaklar\u0131n etkin bir \u015fekilde y\u00f6netilmesinin, turizmin s\u00fcrd\u00fcr\u00fclebilirli\u011finin sa\u011flanmas\u0131 a\u00e7\u0131s\u0131ndan \u00e7ok \u00f6nemli oldu\u011funa inanmaktay\u0131z. \u00c7evre konusunda ger\u00e7ekle\u015ftirdi\u011fimiz uygulamalarla, Ege b\u00f6lgesinde ve T\u00fcrkiye\u2019de otelcilik sekt\u00f6r\u00fcnde \u00f6rnek bir i\u015fletme olmay\u0131 hedeflemekteyiz.<\/p>\n\n\n\n<p>Amac\u0131m\u0131z, y\u00fcr\u00fcrl\u00fckte bulunan t\u00fcm \u00e7evre kanunlar\u0131, t\u00fcz\u00fckleri ve d\u00fczenlemelerine uyarak, hizmet verdi\u011fimiz toplumlara, y\u00fcksek kalitede hizmet, ekonomik b\u00fcy\u00fcme, \u00e7evre koruma, toplumsal kat\u0131l\u0131m ve tabii ki, istihdam vas\u0131tas\u0131yla fayda sa\u011flamakt\u0131r. \u00c7evre ile ilgili ama\u00e7 ve hedeflerimizi belirleyip, s\u00fcrekli olarak \u00e7evresel performans\u0131m\u0131z\u0131 geli\u015ftirecek ve faaliyetlerimizin \u00e7evre \u00fczerindeki etkileri aza indirece\u011fiz. \u00c7al\u0131\u015fanlar\u0131m\u0131z, misafirlerimiz, tedarik\u00e7ilerimiz ve genel olarak toplum aras\u0131nda \u00e7evre konusunda bilin\u00e7 olu\u015fturaca\u011f\u0131z.<\/p>\n","protected":false},"excerpt":{"rendered":"<p><!-- wp:paragraph --><\/p>\n<p>OUR SUSTAINABLE TOURISM POLICY<\/p>\n<p>We, as&nbsp; Hotel, take full responsibility and respect human rights through activities such as waste management, natural resource use, informing employees about health, safety and child&#8230;<\/p>\n","protected":false},"author":1,"featured_media":0,"parent":0,"menu_order":0,"comment_status":"closed","ping_status":"closed","template":"","meta":{"footnotes":""},"_links":{"self":[{"href":"http:\/\/www.ephesusnazar.com\/en_US\/wp-json\/wp\/v2\/pages\/937"}],"collection":[{"href":"http:\/\/www.ephesusnazar.com\/en_US\/wp-json\/wp\/v2\/pages"}],"about":[{"href":"http:\/\/www.ephesusnazar.com\/en_US\/wp-json\/wp\/v2\/types\/page"}],"author":[{"embeddable":true,"href":"http:\/\/www.ephesusnazar.com\/en_US\/wp-json\/wp\/v2\/users\/1"}],"replies":[{"embeddable":true,"href":"http:\/\/www.ephesusnazar.com\/en_US\/wp-json\/wp\/v2\/comments?post=937"}],"version-history":[{"count":5,"href":"http:\/\/www.ephesusnazar.com\/en_US\/wp-json\/wp\/v2\/pages\/937\/revisions"}],"predecessor-version":[{"id":950,"href":"http:\/\/www.ephesusnazar.com\/en_US\/wp-json\/wp\/v2\/pages\/937\/revisions\/950"}],"wp:attachment":[{"href":"http:\/\/www.ephesusnazar.com\/en_US\/wp-json\/wp\/v2\/media?parent=937"}],"curies":[{"name":"wp","href":"https:\/\/api.w.org\/{rel}","templated":true}]}}